{"id":2223,"date":"2023-04-11T07:34:14","date_gmt":"2023-04-11T05:34:14","guid":{"rendered":"https:\/\/wiweb.org\/de\/?page_id=2223"},"modified":"2023-04-19T12:33:04","modified_gmt":"2023-04-19T10:33:04","slug":"cybersicherheit","status":"publish","type":"page","link":"https:\/\/wiweb.org\/de\/cybersicherheit\/","title":{"rendered":"Cybersicherheit"},"content":{"rendered":"\t\t<div data-elementor-type=\"wp-page\" data-elementor-id=\"2223\" class=\"elementor elementor-2223\">\n\t\t\t\t\t\t<section class=\"elementor-section elementor-top-section elementor-element elementor-element-408869ed elementor-section-boxed elementor-section-height-default elementor-section-height-default\" data-id=\"408869ed\" data-element_type=\"section\">\n\t\t\t\t\t\t<div class=\"elementor-container elementor-column-gap-default\">\n\t\t\t\t\t<div class=\"elementor-column elementor-col-100 elementor-top-column elementor-element elementor-element-b6ee3ba\" data-id=\"b6ee3ba\" data-element_type=\"column\">\n\t\t\t<div class=\"elementor-widget-wrap elementor-element-populated\">\n\t\t\t\t\t\t<div class=\"elementor-element elementor-element-0a0d67d elementor-widget elementor-widget-heading\" data-id=\"0a0d67d\" data-element_type=\"widget\" data-widget_type=\"heading.default\">\n\t\t\t\t<div class=\"elementor-widget-container\">\n\t\t\t\t\t<h1 class=\"elementor-heading-title elementor-size-default\">Cybersicherheit<\/h1>\t\t\t\t<\/div>\n\t\t\t\t<\/div>\n\t\t\t\t<div class=\"elementor-element elementor-element-4b80bdba elementor-widget elementor-widget-text-editor\" data-id=\"4b80bdba\" data-element_type=\"widget\" data-widget_type=\"text-editor.default\">\n\t\t\t\t<div class=\"elementor-widget-container\">\n\t\t\t\t\t\t\t\t\t<p><\/p>\n<p>Cybersicherheit bezieht sich auf den Schutz von digitalen Ger\u00e4ten, Netzwerken und Daten vor unbefugtem Zugriff, Diebstahl, Besch\u00e4digung und anderen b\u00f6sartigen Aktivit\u00e4ten. Cybersecurity-Ma\u00dfnahmen werden umgesetzt, um die Vertraulichkeit, Integrit\u00e4t und Verf\u00fcgbarkeit digitaler Verm\u00f6genswerte zu gew\u00e4hrleisten. Mit der zunehmenden Abh\u00e4ngigkeit von Technologie ist Cybersicherheit zu einem wichtigen Thema f\u00fcr Einzelpersonen, Organisationen und Regierungen weltweit geworden.<\/p>\n<p>\u00a0<\/p>\n<p>Cybersicherheit umfasst eine Reihe von Strategien und Praktiken, einschlie\u00dflich Netzwerksicherheit, Endpunkt-Sicherheit, Anwendungssicherheit, Datensicherheit und Cloud-Sicherheit. Es geht darum, Schwachstellen und Bedrohungen f\u00fcr digitale Verm\u00f6genswerte durch verschiedene Ma\u00dfnahmen wie Firewalls, Antivirus-Software, Intrusion Detection und Prevention Systems, Zugangskontrollen und Verschl\u00fcsselung zu identifizieren und zu mildern.<\/p>\n<p>\u00a0<\/p>\n<p>Cybersicherheit umfasst auch Bildungs- und Aufkl\u00e4rungsprogramme, um Benutzer in sicheren digitalen Praktiken zu schulen und Social Engineering-Angriffe wie Phishing und Vort\u00e4uschung zu verhindern. Cybersicherheitsfachleute wie Ethical Hacker, Sicherheitsanalysten und Incident Responder spielen eine entscheidende Rolle bei der Umsetzung und Aufrechterhaltung von Cybersicherheitsma\u00dfnahmen zum Schutz vor Cyberbedrohungen.<\/p>\n<p><\/p>\t\t\t\t\t\t\t\t<\/div>\n\t\t\t\t<\/div>\n\t\t\t\t<div class=\"elementor-element elementor-element-88758a0 elementor-widget elementor-widget-heading\" data-id=\"88758a0\" data-element_type=\"widget\" data-widget_type=\"heading.default\">\n\t\t\t\t<div class=\"elementor-widget-container\">\n\t\t\t\t\t<h2 class=\"elementor-heading-title elementor-size-default\">Cybersicherheit - die wichtigsten Regeln, um online sicher zu bleiben:<\/h2>\t\t\t\t<\/div>\n\t\t\t\t<\/div>\n\t\t\t\t\t<\/div>\n\t\t<\/div>\n\t\t\t\t\t<\/div>\n\t\t<\/section>\n\t\t\t\t<section class=\"elementor-section elementor-top-section elementor-element elementor-element-a0d5b48 elementor-section-boxed elementor-section-height-default elementor-section-height-default\" data-id=\"a0d5b48\" data-element_type=\"section\">\n\t\t\t\t\t\t<div class=\"elementor-container elementor-column-gap-default\">\n\t\t\t\t\t<div class=\"elementor-column elementor-col-100 elementor-top-column elementor-element elementor-element-249b1f8\" data-id=\"249b1f8\" data-element_type=\"column\">\n\t\t\t<div class=\"elementor-widget-wrap elementor-element-populated\">\n\t\t\t\t\t\t<div class=\"elementor-element elementor-element-57b009f elementor-widget elementor-widget-foxiz-grid-1\" data-id=\"57b009f\" data-element_type=\"widget\" data-widget_type=\"foxiz-grid-1.default\">\n\t\t\t\t<div class=\"elementor-widget-container\">\n\t\t\t\t\t<div id=\"uid_57b009f\" class=\"block-wrap block-grid block-grid-1 rb-columns rb-col-3 is-gap-20 ecat-bg-4\"><div class=\"block-inner\">        <div class=\"p-wrap p-grid p-grid-1\" data-pid=\"2325\">\r\n\t            <div class=\"feat-holder overlay-text\">\r\n\t\t\t\t        <div class=\"p-featured\">\r\n\t\t\t        <a class=\"p-flink\" href=\"https:\/\/wiweb.org\/de\/cybersicherheit\/wie-kann-man-sein-wi-fi-netzwerk-sichern\/\" title=\"Wie kann man sein Wi-Fi-Netzwerk sichern?\">\r\n\t\t\t<img loading=\"lazy\" decoding=\"async\" width=\"420\" height=\"280\" src=\"https:\/\/wiweb.org\/de\/wp-content\/uploads\/2023\/04\/wi-fi-1-420x280.jpg\" class=\"featured-img wp-post-image\" alt=\"\" loading=\"lazy\" \/>        <\/a>\r\n\t\t        <\/div>\r\n\t<div class=\"p-categories p-top\"><a class=\"p-category category-id-60\" href=\"https:\/\/wiweb.org\/de\/cat\/cybersicherheit\/\" rel=\"category\">Cybersicherheit<\/a><\/div>            <\/div>\r\n\t\t<h3 class=\"entry-title\">        <a class=\"p-url\" href=\"https:\/\/wiweb.org\/de\/cybersicherheit\/wie-kann-man-sein-wi-fi-netzwerk-sichern\/\" rel=\"bookmark\">Wie kann man sein Wi-Fi-Netzwerk sichern?<\/a><\/h3>            <div class=\"p-meta has-bookmark\">\r\n                <div class=\"meta-inner is-meta\">\r\n\t\t\t\t\t<span class=\"meta-el meta-date\">\r\n\t\t            <time class=\"date published\" datetime=\"2023-04-15T20:57:33+02:00\">April 15, 2023<\/time>\r\n\t\t        <\/span>\r\n\t\t                <\/div>\r\n\t\t\t\t<span class=\"rb-bookmark bookmark-trigger\" data-pid=\"2325\"><\/span>            <\/div>\r\n\t\t        <\/div>\r\n\t        <div class=\"p-wrap p-grid p-grid-1\" data-pid=\"2292\">\r\n\t            <div class=\"feat-holder overlay-text\">\r\n\t\t\t\t        <div class=\"p-featured\">\r\n\t\t\t        <a class=\"p-flink\" href=\"https:\/\/wiweb.org\/de\/cybersicherheit\/der-inkognito-modus-in-webbrowsern-ihr-leitfaden-fuer-sicheres-surfen\/\" title=\"Der Inkognito-Modus in Webbrowsern: Ihr Leitfaden f\u00fcr sicheres Surfen\">\r\n\t\t\t<img loading=\"lazy\" decoding=\"async\" width=\"420\" height=\"280\" src=\"https:\/\/wiweb.org\/de\/wp-content\/uploads\/2023\/04\/1517724621_internet-browsers-icognito-mode-provacy-4k-extre_xl-beta-v2-2-2-420x280.png\" class=\"featured-img wp-post-image\" alt=\"\" loading=\"lazy\" \/>        <\/a>\r\n\t\t        <\/div>\r\n\t<div class=\"p-categories p-top\"><a class=\"p-category category-id-60\" href=\"https:\/\/wiweb.org\/de\/cat\/cybersicherheit\/\" rel=\"category\">Cybersicherheit<\/a><\/div>            <\/div>\r\n\t\t<h3 class=\"entry-title\">        <a class=\"p-url\" href=\"https:\/\/wiweb.org\/de\/cybersicherheit\/der-inkognito-modus-in-webbrowsern-ihr-leitfaden-fuer-sicheres-surfen\/\" rel=\"bookmark\">Der Inkognito-Modus in Webbrowsern: Ihr Leitfaden f\u00fcr sicheres Surfen<\/a><\/h3>            <div class=\"p-meta has-bookmark\">\r\n                <div class=\"meta-inner is-meta\">\r\n\t\t\t\t\t<span class=\"meta-el meta-date\">\r\n\t\t            <time class=\"date published\" datetime=\"2023-04-11T13:21:43+02:00\">April 11, 2023<\/time>\r\n\t\t        <\/span>\r\n\t\t                <\/div>\r\n\t\t\t\t<span class=\"rb-bookmark bookmark-trigger\" data-pid=\"2292\"><\/span>            <\/div>\r\n\t\t        <\/div>\r\n\t        <div class=\"p-wrap p-grid p-grid-1\" data-pid=\"2282\">\r\n\t            <div class=\"feat-holder overlay-text\">\r\n\t\t\t\t        <div class=\"p-featured\">\r\n\t\t\t        <a class=\"p-flink\" href=\"https:\/\/wiweb.org\/de\/cybersicherheit\/allgemeine-regeln-der-cyber-sicherheit-beim-surfen-im-internet\/\" title=\"Allgemeine Regeln der Cyber-Sicherheit beim Surfen im Internet\">\r\n\t\t\t<img loading=\"lazy\" decoding=\"async\" width=\"420\" height=\"280\" src=\"https:\/\/wiweb.org\/de\/wp-content\/uploads\/2023\/04\/1966672784_cybersecurity-safe-shopping-4k-extreame-quality-_xl-beta-v2-2-2-420x280.png\" class=\"featured-img wp-post-image\" alt=\"\" loading=\"lazy\" \/>        <\/a>\r\n\t\t        <\/div>\r\n\t<div class=\"p-categories p-top\"><a class=\"p-category category-id-60\" href=\"https:\/\/wiweb.org\/de\/cat\/cybersicherheit\/\" rel=\"category\">Cybersicherheit<\/a><\/div>            <\/div>\r\n\t\t<h3 class=\"entry-title\">        <a class=\"p-url\" href=\"https:\/\/wiweb.org\/de\/cybersicherheit\/allgemeine-regeln-der-cyber-sicherheit-beim-surfen-im-internet\/\" rel=\"bookmark\">Allgemeine Regeln der Cyber-Sicherheit beim Surfen im Internet<\/a><\/h3>            <div class=\"p-meta has-bookmark\">\r\n                <div class=\"meta-inner is-meta\">\r\n\t\t\t\t\t<span class=\"meta-el meta-date\">\r\n\t\t            <time class=\"date published\" datetime=\"2023-04-11T12:28:11+02:00\">April 11, 2023<\/time>\r\n\t\t        <\/span>\r\n\t\t                <\/div>\r\n\t\t\t\t<span class=\"rb-bookmark bookmark-trigger\" data-pid=\"2282\"><\/span>            <\/div>\r\n\t\t        <\/div>\r\n\t        <div class=\"p-wrap p-grid p-grid-1\" data-pid=\"2240\">\r\n\t            <div class=\"feat-holder overlay-text\">\r\n\t\t\t\t        <div class=\"p-featured\">\r\n\t\t\t        <a class=\"p-flink\" href=\"https:\/\/wiweb.org\/de\/cybersicherheit\/cyber-sicherheit-beim-online-shopping\/\" title=\"Cyber-Sicherheit beim Online-Shopping\">\r\n\t\t\t<img loading=\"lazy\" decoding=\"async\" width=\"420\" height=\"280\" src=\"https:\/\/wiweb.org\/de\/wp-content\/uploads\/2023\/04\/1479195719_cybersecurity-safe-shopping-on-line-shopping-car_xl-beta-v2-2-2-420x280.png\" class=\"featured-img wp-post-image\" alt=\"\" loading=\"lazy\" \/>        <\/a>\r\n\t\t        <\/div>\r\n\t<div class=\"p-categories p-top\"><a class=\"p-category category-id-60\" href=\"https:\/\/wiweb.org\/de\/cat\/cybersicherheit\/\" rel=\"category\">Cybersicherheit<\/a><\/div>            <\/div>\r\n\t\t<h3 class=\"entry-title\">        <a class=\"p-url\" href=\"https:\/\/wiweb.org\/de\/cybersicherheit\/cyber-sicherheit-beim-online-shopping\/\" rel=\"bookmark\">Cyber-Sicherheit beim Online-Shopping<\/a><\/h3>            <div class=\"p-meta has-bookmark\">\r\n                <div class=\"meta-inner is-meta\">\r\n\t\t\t\t\t<span class=\"meta-el meta-date\">\r\n\t\t            <time class=\"date published\" datetime=\"2023-04-11T07:52:28+02:00\">April 11, 2023<\/time>\r\n\t\t        <\/span>\r\n\t\t                <\/div>\r\n\t\t\t\t<span class=\"rb-bookmark bookmark-trigger\" data-pid=\"2240\"><\/span>            <\/div>\r\n\t\t        <\/div>\r\n\t<\/div><\/div>\t\t\t\t<\/div>\n\t\t\t\t<\/div>\n\t\t\t\t\t<\/div>\n\t\t<\/div>\n\t\t\t\t\t<\/div>\n\t\t<\/section>\n\t\t\t\t<\/div>\n\t\t","protected":false},"excerpt":{"rendered":"<p>Cybersicherheit Cybersicherheit bezieht sich auf den Schutz von digitalen Ger\u00e4ten, Netzwerken und Daten vor unbefugtem Zugriff, Diebstahl, Besch\u00e4digung und anderen b\u00f6sartigen Aktivit\u00e4ten. Cybersecurity-Ma\u00dfnahmen werden umgesetzt, um die Vertraulichkeit, Integrit\u00e4t und Verf\u00fcgbarkeit digitaler Verm\u00f6genswerte zu gew\u00e4hrleisten. Mit der zunehmenden Abh\u00e4ngigkeit von Technologie ist Cybersicherheit zu einem wichtigen Thema f\u00fcr Einzelpersonen, Organisationen und Regierungen weltweit geworden. \u00a0 [&hellip;]<\/p>\n","protected":false},"author":1,"featured_media":0,"parent":0,"menu_order":0,"comment_status":"closed","ping_status":"closed","template":"","meta":{"footnotes":""},"class_list":["post-2223","page","type-page","status-publish"],"_links":{"self":[{"href":"https:\/\/wiweb.org\/de\/wp-json\/wp\/v2\/pages\/2223","targetHints":{"allow":["GET"]}}],"collection":[{"href":"https:\/\/wiweb.org\/de\/wp-json\/wp\/v2\/pages"}],"about":[{"href":"https:\/\/wiweb.org\/de\/wp-json\/wp\/v2\/types\/page"}],"author":[{"embeddable":true,"href":"https:\/\/wiweb.org\/de\/wp-json\/wp\/v2\/users\/1"}],"replies":[{"embeddable":true,"href":"https:\/\/wiweb.org\/de\/wp-json\/wp\/v2\/comments?post=2223"}],"version-history":[{"count":24,"href":"https:\/\/wiweb.org\/de\/wp-json\/wp\/v2\/pages\/2223\/revisions"}],"predecessor-version":[{"id":2625,"href":"https:\/\/wiweb.org\/de\/wp-json\/wp\/v2\/pages\/2223\/revisions\/2625"}],"wp:attachment":[{"href":"https:\/\/wiweb.org\/de\/wp-json\/wp\/v2\/media?parent=2223"}],"curies":[{"name":"wp","href":"https:\/\/api.w.org\/{rel}","templated":true}]}}