{"id":2223,"date":"2023-04-11T07:34:14","date_gmt":"2023-04-11T05:34:14","guid":{"rendered":"https:\/\/wiweb.org\/es\/?page_id=2223"},"modified":"2023-04-21T10:11:34","modified_gmt":"2023-04-21T08:11:34","slug":"ciberseguridad","status":"publish","type":"page","link":"https:\/\/wiweb.org\/es\/ciberseguridad\/","title":{"rendered":"Ciberseguridad"},"content":{"rendered":"\t\t<div data-elementor-type=\"wp-page\" data-elementor-id=\"2223\" class=\"elementor elementor-2223\">\n\t\t\t\t\t\t<section class=\"elementor-section elementor-top-section elementor-element elementor-element-408869ed elementor-section-boxed elementor-section-height-default elementor-section-height-default\" data-id=\"408869ed\" data-element_type=\"section\">\n\t\t\t\t\t\t<div class=\"elementor-container elementor-column-gap-default\">\n\t\t\t\t\t<div class=\"elementor-column elementor-col-100 elementor-top-column elementor-element elementor-element-b6ee3ba\" data-id=\"b6ee3ba\" data-element_type=\"column\">\n\t\t\t<div class=\"elementor-widget-wrap elementor-element-populated\">\n\t\t\t\t\t\t<div class=\"elementor-element elementor-element-0a0d67d elementor-widget elementor-widget-heading\" data-id=\"0a0d67d\" data-element_type=\"widget\" data-widget_type=\"heading.default\">\n\t\t\t\t<div class=\"elementor-widget-container\">\n\t\t\t\t\t<h1 class=\"elementor-heading-title elementor-size-default\">Ciberseguridad<\/h1>\t\t\t\t<\/div>\n\t\t\t\t<\/div>\n\t\t\t\t<div class=\"elementor-element elementor-element-4b80bdba elementor-widget elementor-widget-text-editor\" data-id=\"4b80bdba\" data-element_type=\"widget\" data-widget_type=\"text-editor.default\">\n\t\t\t\t<div class=\"elementor-widget-container\">\n\t\t\t\t\t\t\t\t\t<p><\/p>\n<p>La ciberseguridad se refiere a la protecci\u00f3n de dispositivos digitales, redes y datos contra el acceso no autorizado, robo, da\u00f1o y otras actividades maliciosas. Se implementan medidas de ciberseguridad para garantizar la confidencialidad, integridad y disponibilidad de los activos digitales. Con la creciente dependencia de la tecnolog\u00eda, la ciberseguridad se ha convertido en un problema cr\u00edtico para personas, organizaciones y gobiernos en todo el mundo.<\/p>\n<p>\u00a0<\/p>\n<p>La ciberseguridad abarca una variedad de estrategias y pr\u00e1cticas, que incluyen seguridad de redes, seguridad de puntos finales, seguridad de aplicaciones, seguridad de datos y seguridad en la nube. Implica identificar y mitigar vulnerabilidades y amenazas a los activos digitales a trav\u00e9s de diversas medidas, como cortafuegos, software antivirus, sistemas de detecci\u00f3n y prevenci\u00f3n de intrusiones, controles de acceso y cifrado.<\/p>\n<p>\u00a0<\/p>\n<p>La ciberseguridad tambi\u00e9n incluye programas de educaci\u00f3n y concientizaci\u00f3n para capacitar a los usuarios sobre pr\u00e1cticas digitales seguras y prevenir ataques de ingenier\u00eda social, como phishing y pretexting. Los profesionales de la ciberseguridad, como hackers \u00e9ticos, analistas de seguridad y respondientes de incidentes, desempe\u00f1an un papel crucial en la implementaci\u00f3n y mantenimiento de medidas de ciberseguridad para protegerse contra amenazas cibern\u00e9ticas.<\/p>\n<p><\/p>\t\t\t\t\t\t\t\t<\/div>\n\t\t\t\t<\/div>\n\t\t\t\t<div class=\"elementor-element elementor-element-88758a0 elementor-widget elementor-widget-heading\" data-id=\"88758a0\" data-element_type=\"widget\" data-widget_type=\"heading.default\">\n\t\t\t\t<div class=\"elementor-widget-container\">\n\t\t\t\t\t<h2 class=\"elementor-heading-title elementor-size-default\">Ciberseguridad: las reglas m\u00e1s importantes para mantenerse seguro en l\u00ednea:<\/h2>\t\t\t\t<\/div>\n\t\t\t\t<\/div>\n\t\t\t\t\t<\/div>\n\t\t<\/div>\n\t\t\t\t\t<\/div>\n\t\t<\/section>\n\t\t\t\t<section class=\"elementor-section elementor-top-section elementor-element elementor-element-a0d5b48 elementor-section-boxed elementor-section-height-default elementor-section-height-default\" data-id=\"a0d5b48\" data-element_type=\"section\">\n\t\t\t\t\t\t<div class=\"elementor-container elementor-column-gap-default\">\n\t\t\t\t\t<div class=\"elementor-column elementor-col-100 elementor-top-column elementor-element elementor-element-249b1f8\" data-id=\"249b1f8\" data-element_type=\"column\">\n\t\t\t<div class=\"elementor-widget-wrap elementor-element-populated\">\n\t\t\t\t\t\t<div class=\"elementor-element elementor-element-57b009f elementor-widget elementor-widget-foxiz-grid-1\" data-id=\"57b009f\" data-element_type=\"widget\" data-widget_type=\"foxiz-grid-1.default\">\n\t\t\t\t<div class=\"elementor-widget-container\">\n\t\t\t\t\t<div id=\"uid_57b009f\" class=\"block-wrap block-grid block-grid-1 rb-columns rb-col-3 is-gap-20 ecat-bg-4\"><div class=\"block-inner\">        <div class=\"p-wrap p-grid p-grid-1\" data-pid=\"2325\">\r\n\t            <div class=\"feat-holder overlay-text\">\r\n\t\t\t\t        <div class=\"p-featured\">\r\n\t\t\t        <a class=\"p-flink\" href=\"https:\/\/wiweb.org\/es\/ciberseguridad\/como-asegurar-tu-red-wi-fi\/\" title=\"\u00bfC\u00f3mo asegurar tu red Wi-Fi?\">\r\n\t\t\t<img loading=\"lazy\" decoding=\"async\" width=\"420\" height=\"280\" src=\"https:\/\/wiweb.org\/es\/wp-content\/uploads\/2023\/04\/wi-fi-1-420x280.jpg\" class=\"featured-img wp-post-image\" alt=\"\" loading=\"lazy\" \/>        <\/a>\r\n\t\t        <\/div>\r\n\t<div class=\"p-categories p-top\"><a class=\"p-category category-id-60\" href=\"https:\/\/wiweb.org\/es\/cat\/ciberseguridad\/\" rel=\"category\">Ciberseguridad<\/a><\/div>            <\/div>\r\n\t\t<h3 class=\"entry-title\">        <a class=\"p-url\" href=\"https:\/\/wiweb.org\/es\/ciberseguridad\/como-asegurar-tu-red-wi-fi\/\" rel=\"bookmark\">\u00bfC\u00f3mo asegurar tu red Wi-Fi?<\/a><\/h3>            <div class=\"p-meta has-bookmark\">\r\n                <div class=\"meta-inner is-meta\">\r\n\t\t\t\t\t<span class=\"meta-el meta-date\">\r\n\t\t            <time class=\"date published\" datetime=\"2023-04-15T20:57:33+02:00\">abril 15, 2023<\/time>\r\n\t\t        <\/span>\r\n\t\t                <\/div>\r\n\t\t\t\t<span class=\"rb-bookmark bookmark-trigger\" data-pid=\"2325\"><\/span>            <\/div>\r\n\t\t        <\/div>\r\n\t        <div class=\"p-wrap p-grid p-grid-1\" data-pid=\"2292\">\r\n\t            <div class=\"feat-holder overlay-text\">\r\n\t\t\t\t        <div class=\"p-featured\">\r\n\t\t\t        <a class=\"p-flink\" href=\"https:\/\/wiweb.org\/es\/ciberseguridad\/modo-incognito-en-navegadores-web-tu-guia-para-navegar-con-seguridad\/\" title=\"Modo inc\u00f3gnito en navegadores web: tu gu\u00eda para navegar con seguridad\">\r\n\t\t\t<img loading=\"lazy\" decoding=\"async\" width=\"420\" height=\"280\" src=\"https:\/\/wiweb.org\/es\/wp-content\/uploads\/2023\/04\/1517724621_internet-browsers-icognito-mode-provacy-4k-extre_xl-beta-v2-2-2-420x280.png\" class=\"featured-img wp-post-image\" alt=\"\" loading=\"lazy\" \/>        <\/a>\r\n\t\t        <\/div>\r\n\t<div class=\"p-categories p-top\"><a class=\"p-category category-id-60\" href=\"https:\/\/wiweb.org\/es\/cat\/ciberseguridad\/\" rel=\"category\">Ciberseguridad<\/a><\/div>            <\/div>\r\n\t\t<h3 class=\"entry-title\">        <a class=\"p-url\" href=\"https:\/\/wiweb.org\/es\/ciberseguridad\/modo-incognito-en-navegadores-web-tu-guia-para-navegar-con-seguridad\/\" rel=\"bookmark\">Modo inc\u00f3gnito en navegadores web: tu gu\u00eda para navegar con seguridad<\/a><\/h3>            <div class=\"p-meta has-bookmark\">\r\n                <div class=\"meta-inner is-meta\">\r\n\t\t\t\t\t<span class=\"meta-el meta-date\">\r\n\t\t            <time class=\"date published\" datetime=\"2023-04-11T13:21:43+02:00\">abril 11, 2023<\/time>\r\n\t\t        <\/span>\r\n\t\t                <\/div>\r\n\t\t\t\t<span class=\"rb-bookmark bookmark-trigger\" data-pid=\"2292\"><\/span>            <\/div>\r\n\t\t        <\/div>\r\n\t        <div class=\"p-wrap p-grid p-grid-1\" data-pid=\"2282\">\r\n\t            <div class=\"feat-holder overlay-text\">\r\n\t\t\t\t        <div class=\"p-featured\">\r\n\t\t\t        <a class=\"p-flink\" href=\"https:\/\/wiweb.org\/es\/ciberseguridad\/principios-generales-de-ciberseguridad-al-utilizar-internet\/\" title=\"Principios generales de ciberseguridad al utilizar internet\">\r\n\t\t\t<img loading=\"lazy\" decoding=\"async\" width=\"420\" height=\"280\" src=\"https:\/\/wiweb.org\/es\/wp-content\/uploads\/2023\/04\/1966672784_cybersecurity-safe-shopping-4k-extreame-quality-_xl-beta-v2-2-2-420x280.png\" class=\"featured-img wp-post-image\" alt=\"\" loading=\"lazy\" \/>        <\/a>\r\n\t\t        <\/div>\r\n\t<div class=\"p-categories p-top\"><a class=\"p-category category-id-60\" href=\"https:\/\/wiweb.org\/es\/cat\/ciberseguridad\/\" rel=\"category\">Ciberseguridad<\/a><\/div>            <\/div>\r\n\t\t<h3 class=\"entry-title\">        <a class=\"p-url\" href=\"https:\/\/wiweb.org\/es\/ciberseguridad\/principios-generales-de-ciberseguridad-al-utilizar-internet\/\" rel=\"bookmark\">Principios generales de ciberseguridad al utilizar internet<\/a><\/h3>            <div class=\"p-meta has-bookmark\">\r\n                <div class=\"meta-inner is-meta\">\r\n\t\t\t\t\t<span class=\"meta-el meta-date\">\r\n\t\t            <time class=\"date published\" datetime=\"2023-04-11T12:28:11+02:00\">abril 11, 2023<\/time>\r\n\t\t        <\/span>\r\n\t\t                <\/div>\r\n\t\t\t\t<span class=\"rb-bookmark bookmark-trigger\" data-pid=\"2282\"><\/span>            <\/div>\r\n\t\t        <\/div>\r\n\t        <div class=\"p-wrap p-grid p-grid-1\" data-pid=\"2240\">\r\n\t            <div class=\"feat-holder overlay-text\">\r\n\t\t\t\t        <div class=\"p-featured\">\r\n\t\t\t        <a class=\"p-flink\" href=\"https:\/\/wiweb.org\/es\/ciberseguridad\/ciberseguridad-durante-las-compras-en-linea\/\" title=\"Ciberseguridad durante las compras en l\u00ednea\">\r\n\t\t\t<img loading=\"lazy\" decoding=\"async\" width=\"420\" height=\"280\" src=\"https:\/\/wiweb.org\/es\/wp-content\/uploads\/2023\/04\/1479195719_cybersecurity-safe-shopping-on-line-shopping-car_xl-beta-v2-2-2-420x280.png\" class=\"featured-img wp-post-image\" alt=\"\" loading=\"lazy\" \/>        <\/a>\r\n\t\t        <\/div>\r\n\t<div class=\"p-categories p-top\"><a class=\"p-category category-id-60\" href=\"https:\/\/wiweb.org\/es\/cat\/ciberseguridad\/\" rel=\"category\">Ciberseguridad<\/a><\/div>            <\/div>\r\n\t\t<h3 class=\"entry-title\">        <a class=\"p-url\" href=\"https:\/\/wiweb.org\/es\/ciberseguridad\/ciberseguridad-durante-las-compras-en-linea\/\" rel=\"bookmark\">Ciberseguridad durante las compras en l\u00ednea<\/a><\/h3>            <div class=\"p-meta has-bookmark\">\r\n                <div class=\"meta-inner is-meta\">\r\n\t\t\t\t\t<span class=\"meta-el meta-date\">\r\n\t\t            <time class=\"date published\" datetime=\"2023-04-11T07:52:28+02:00\">abril 11, 2023<\/time>\r\n\t\t        <\/span>\r\n\t\t                <\/div>\r\n\t\t\t\t<span class=\"rb-bookmark bookmark-trigger\" data-pid=\"2240\"><\/span>            <\/div>\r\n\t\t        <\/div>\r\n\t<\/div><\/div>\t\t\t\t<\/div>\n\t\t\t\t<\/div>\n\t\t\t\t\t<\/div>\n\t\t<\/div>\n\t\t\t\t\t<\/div>\n\t\t<\/section>\n\t\t\t\t<\/div>\n\t\t","protected":false},"excerpt":{"rendered":"<p>Ciberseguridad La ciberseguridad se refiere a la protecci\u00f3n de dispositivos digitales, redes y datos contra el acceso no autorizado, robo, da\u00f1o y otras actividades maliciosas. Se implementan medidas de ciberseguridad para garantizar la confidencialidad, integridad y disponibilidad de los activos digitales. Con la creciente dependencia de la tecnolog\u00eda, la ciberseguridad se ha convertido en un [&hellip;]<\/p>\n","protected":false},"author":1,"featured_media":0,"parent":0,"menu_order":0,"comment_status":"closed","ping_status":"closed","template":"","meta":{"footnotes":""},"class_list":["post-2223","page","type-page","status-publish"],"_links":{"self":[{"href":"https:\/\/wiweb.org\/es\/wp-json\/wp\/v2\/pages\/2223","targetHints":{"allow":["GET"]}}],"collection":[{"href":"https:\/\/wiweb.org\/es\/wp-json\/wp\/v2\/pages"}],"about":[{"href":"https:\/\/wiweb.org\/es\/wp-json\/wp\/v2\/types\/page"}],"author":[{"embeddable":true,"href":"https:\/\/wiweb.org\/es\/wp-json\/wp\/v2\/users\/1"}],"replies":[{"embeddable":true,"href":"https:\/\/wiweb.org\/es\/wp-json\/wp\/v2\/comments?post=2223"}],"version-history":[{"count":27,"href":"https:\/\/wiweb.org\/es\/wp-json\/wp\/v2\/pages\/2223\/revisions"}],"predecessor-version":[{"id":2636,"href":"https:\/\/wiweb.org\/es\/wp-json\/wp\/v2\/pages\/2223\/revisions\/2636"}],"wp:attachment":[{"href":"https:\/\/wiweb.org\/es\/wp-json\/wp\/v2\/media?parent=2223"}],"curies":[{"name":"wp","href":"https:\/\/api.w.org\/{rel}","templated":true}]}}