{"id":2223,"date":"2023-04-11T07:34:14","date_gmt":"2023-04-11T05:34:14","guid":{"rendered":"https:\/\/wiweb.org\/fr\/?page_id=2223"},"modified":"2023-04-21T10:55:14","modified_gmt":"2023-04-21T08:55:14","slug":"cybersecurite","status":"publish","type":"page","link":"https:\/\/wiweb.org\/fr\/cybersecurite\/","title":{"rendered":"Cybers\u00e9curit\u00e9"},"content":{"rendered":"\t\t<div data-elementor-type=\"wp-page\" data-elementor-id=\"2223\" class=\"elementor elementor-2223\">\n\t\t\t\t\t\t<section class=\"elementor-section elementor-top-section elementor-element elementor-element-408869ed elementor-section-boxed elementor-section-height-default elementor-section-height-default\" data-id=\"408869ed\" data-element_type=\"section\">\n\t\t\t\t\t\t<div class=\"elementor-container elementor-column-gap-default\">\n\t\t\t\t\t<div class=\"elementor-column elementor-col-100 elementor-top-column elementor-element elementor-element-b6ee3ba\" data-id=\"b6ee3ba\" data-element_type=\"column\">\n\t\t\t<div class=\"elementor-widget-wrap elementor-element-populated\">\n\t\t\t\t\t\t<div class=\"elementor-element elementor-element-0a0d67d elementor-widget elementor-widget-heading\" data-id=\"0a0d67d\" data-element_type=\"widget\" data-widget_type=\"heading.default\">\n\t\t\t\t<div class=\"elementor-widget-container\">\n\t\t\t\t\t<h1 class=\"elementor-heading-title elementor-size-default\">Cybers\u00e9curit\u00e9 <\/h1>\t\t\t\t<\/div>\n\t\t\t\t<\/div>\n\t\t\t\t<div class=\"elementor-element elementor-element-4b80bdba elementor-widget elementor-widget-text-editor\" data-id=\"4b80bdba\" data-element_type=\"widget\" data-widget_type=\"text-editor.default\">\n\t\t\t\t<div class=\"elementor-widget-container\">\n\t\t\t\t\t\t\t\t\t<p><\/p>\n<p>La cybers\u00e9curit\u00e9 fait r\u00e9f\u00e9rence \u00e0 la protection des appareils num\u00e9riques, des r\u00e9seaux et des donn\u00e9es contre l&rsquo;acc\u00e8s non autoris\u00e9, le vol, les dommages et autres activit\u00e9s malveillantes. Les mesures de cybers\u00e9curit\u00e9 sont mises en \u0153uvre pour assurer la confidentialit\u00e9, l&rsquo;int\u00e9grit\u00e9 et la disponibilit\u00e9 des actifs num\u00e9riques. Avec la d\u00e9pendance croissante \u00e0 la technologie, la cybers\u00e9curit\u00e9 est devenue un enjeu critique pour les individus, les organisations et les gouvernements du monde entier.<\/p>\n<p>\u00a0<\/p>\n<p>La cybers\u00e9curit\u00e9 englobe un ensemble de strat\u00e9gies et de pratiques, notamment la s\u00e9curit\u00e9 des r\u00e9seaux, la s\u00e9curit\u00e9 des points d&rsquo;acc\u00e8s, la s\u00e9curit\u00e9 des applications, la s\u00e9curit\u00e9 des donn\u00e9es et la s\u00e9curit\u00e9 des clouds. Elle implique l&rsquo;identification et l&rsquo;att\u00e9nuation des vuln\u00e9rabilit\u00e9s et des menaces pour les actifs num\u00e9riques gr\u00e2ce \u00e0 diverses mesures telles que les pare-feux, les logiciels antivirus, les syst\u00e8mes de d\u00e9tection et de pr\u00e9vention des intrusions, les contr\u00f4les d&rsquo;acc\u00e8s et le chiffrement.<\/p>\n<p>\u00a0<\/p>\n<p>La cybers\u00e9curit\u00e9 comprend \u00e9galement des programmes de sensibilisation et de formation pour former les utilisateurs aux pratiques num\u00e9riques s\u00e9curis\u00e9es et pour pr\u00e9venir les attaques d&rsquo;ing\u00e9nierie sociale telles que le phishing et le pretexting. Les professionnels de la cybers\u00e9curit\u00e9, tels que les hackers \u00e9thiques, les analystes de s\u00e9curit\u00e9 et les intervenants en cas d&rsquo;incident, jouent un r\u00f4le crucial dans la mise en place et le maintien des mesures de cybers\u00e9curit\u00e9 pour se prot\u00e9ger contre les menaces cybern\u00e9tiques.<\/p>\n<p><\/p>\t\t\t\t\t\t\t\t<\/div>\n\t\t\t\t<\/div>\n\t\t\t\t<div class=\"elementor-element elementor-element-88758a0 elementor-widget elementor-widget-heading\" data-id=\"88758a0\" data-element_type=\"widget\" data-widget_type=\"heading.default\">\n\t\t\t\t<div class=\"elementor-widget-container\">\n\t\t\t\t\t<h2 class=\"elementor-heading-title elementor-size-default\">Cybers\u00e9curit\u00e9 - les r\u00e8gles les plus importantes pour rester en s\u00e9curit\u00e9 en ligne :<\/h2>\t\t\t\t<\/div>\n\t\t\t\t<\/div>\n\t\t\t\t\t<\/div>\n\t\t<\/div>\n\t\t\t\t\t<\/div>\n\t\t<\/section>\n\t\t\t\t<section class=\"elementor-section elementor-top-section elementor-element elementor-element-a0d5b48 elementor-section-boxed elementor-section-height-default elementor-section-height-default\" data-id=\"a0d5b48\" data-element_type=\"section\">\n\t\t\t\t\t\t<div class=\"elementor-container elementor-column-gap-default\">\n\t\t\t\t\t<div class=\"elementor-column elementor-col-100 elementor-top-column elementor-element elementor-element-249b1f8\" data-id=\"249b1f8\" data-element_type=\"column\">\n\t\t\t<div class=\"elementor-widget-wrap elementor-element-populated\">\n\t\t\t\t\t\t<div class=\"elementor-element elementor-element-57b009f elementor-widget elementor-widget-foxiz-grid-1\" data-id=\"57b009f\" data-element_type=\"widget\" data-widget_type=\"foxiz-grid-1.default\">\n\t\t\t\t<div class=\"elementor-widget-container\">\n\t\t\t\t\t<div id=\"uid_57b009f\" class=\"block-wrap block-grid block-grid-1 rb-columns rb-col-3 is-gap-20 ecat-bg-4\"><div class=\"block-inner\">        <div class=\"p-wrap p-grid p-grid-1\" data-pid=\"2325\">\r\n\t            <div class=\"feat-holder overlay-text\">\r\n\t\t\t\t        <div class=\"p-featured\">\r\n\t\t\t        <a class=\"p-flink\" href=\"https:\/\/wiweb.org\/fr\/cybersecurite\/comment-securiser-son-reseau-wi-fi\/\" title=\"Comment s\u00e9curiser son r\u00e9seau Wi-Fi ?\">\r\n\t\t\t<img loading=\"lazy\" decoding=\"async\" width=\"420\" height=\"280\" src=\"https:\/\/wiweb.org\/fr\/wp-content\/uploads\/2023\/04\/wi-fi-1-420x280.jpg\" class=\"featured-img wp-post-image\" alt=\"\" loading=\"lazy\" \/>        <\/a>\r\n\t\t        <\/div>\r\n\t<div class=\"p-categories p-top\"><a class=\"p-category category-id-60\" href=\"https:\/\/wiweb.org\/fr\/cat\/cybersecurite\/\" rel=\"category\">Cybers\u00e9curit\u00e9<\/a><\/div>            <\/div>\r\n\t\t<h3 class=\"entry-title\">        <a class=\"p-url\" href=\"https:\/\/wiweb.org\/fr\/cybersecurite\/comment-securiser-son-reseau-wi-fi\/\" rel=\"bookmark\">Comment s\u00e9curiser son r\u00e9seau Wi-Fi ?<\/a><\/h3>            <div class=\"p-meta has-bookmark\">\r\n                <div class=\"meta-inner is-meta\">\r\n\t\t\t\t\t<span class=\"meta-el meta-date\">\r\n\t\t            <time class=\"date published\" datetime=\"2023-04-15T20:57:33+02:00\">avril 15, 2023<\/time>\r\n\t\t        <\/span>\r\n\t\t                <\/div>\r\n\t\t\t\t<span class=\"rb-bookmark bookmark-trigger\" data-pid=\"2325\"><\/span>            <\/div>\r\n\t\t        <\/div>\r\n\t        <div class=\"p-wrap p-grid p-grid-1\" data-pid=\"2292\">\r\n\t            <div class=\"feat-holder overlay-text\">\r\n\t\t\t\t        <div class=\"p-featured\">\r\n\t\t\t        <a class=\"p-flink\" href=\"https:\/\/wiweb.org\/fr\/cybersecurite\/le-mode-navigation-privee-sur-les-navigateurs-internet-votre-guide-pour-une-navigation-securisee\/\" title=\"Le mode navigation priv\u00e9e sur les navigateurs Internet : Votre guide pour une navigation s\u00e9curis\u00e9e\">\r\n\t\t\t<img loading=\"lazy\" decoding=\"async\" width=\"420\" height=\"280\" src=\"https:\/\/wiweb.org\/fr\/wp-content\/uploads\/2023\/04\/1517724621_internet-browsers-icognito-mode-provacy-4k-extre_xl-beta-v2-2-2-420x280.png\" class=\"featured-img wp-post-image\" alt=\"\" loading=\"lazy\" \/>        <\/a>\r\n\t\t        <\/div>\r\n\t<div class=\"p-categories p-top\"><a class=\"p-category category-id-60\" href=\"https:\/\/wiweb.org\/fr\/cat\/cybersecurite\/\" rel=\"category\">Cybers\u00e9curit\u00e9<\/a><\/div>            <\/div>\r\n\t\t<h3 class=\"entry-title\">        <a class=\"p-url\" href=\"https:\/\/wiweb.org\/fr\/cybersecurite\/le-mode-navigation-privee-sur-les-navigateurs-internet-votre-guide-pour-une-navigation-securisee\/\" rel=\"bookmark\">Le mode navigation priv\u00e9e sur les navigateurs Internet : Votre guide pour une navigation s\u00e9curis\u00e9e<\/a><\/h3>            <div class=\"p-meta has-bookmark\">\r\n                <div class=\"meta-inner is-meta\">\r\n\t\t\t\t\t<span class=\"meta-el meta-date\">\r\n\t\t            <time class=\"date published\" datetime=\"2023-04-11T13:21:43+02:00\">avril 11, 2023<\/time>\r\n\t\t        <\/span>\r\n\t\t                <\/div>\r\n\t\t\t\t<span class=\"rb-bookmark bookmark-trigger\" data-pid=\"2292\"><\/span>            <\/div>\r\n\t\t        <\/div>\r\n\t        <div class=\"p-wrap p-grid p-grid-1\" data-pid=\"2282\">\r\n\t            <div class=\"feat-holder overlay-text\">\r\n\t\t\t\t        <div class=\"p-featured\">\r\n\t\t\t        <a class=\"p-flink\" href=\"https:\/\/wiweb.org\/fr\/cybersecurite\/principes-generaux-de-cybersecurite-lors-de-lutilisation-dinternet\/\" title=\"Principes g\u00e9n\u00e9raux de cybers\u00e9curit\u00e9 lors de l&rsquo;utilisation d&rsquo;Internet\">\r\n\t\t\t<img loading=\"lazy\" decoding=\"async\" width=\"420\" height=\"280\" src=\"https:\/\/wiweb.org\/fr\/wp-content\/uploads\/2023\/04\/1966672784_cybersecurity-safe-shopping-4k-extreame-quality-_xl-beta-v2-2-2-420x280.png\" class=\"featured-img wp-post-image\" alt=\"\" loading=\"lazy\" \/>        <\/a>\r\n\t\t        <\/div>\r\n\t<div class=\"p-categories p-top\"><a class=\"p-category category-id-60\" href=\"https:\/\/wiweb.org\/fr\/cat\/cybersecurite\/\" rel=\"category\">Cybers\u00e9curit\u00e9<\/a><\/div>            <\/div>\r\n\t\t<h3 class=\"entry-title\">        <a class=\"p-url\" href=\"https:\/\/wiweb.org\/fr\/cybersecurite\/principes-generaux-de-cybersecurite-lors-de-lutilisation-dinternet\/\" rel=\"bookmark\">Principes g\u00e9n\u00e9raux de cybers\u00e9curit\u00e9 lors de l&rsquo;utilisation d&rsquo;Internet<\/a><\/h3>            <div class=\"p-meta has-bookmark\">\r\n                <div class=\"meta-inner is-meta\">\r\n\t\t\t\t\t<span class=\"meta-el meta-date\">\r\n\t\t            <time class=\"date published\" datetime=\"2023-04-11T12:28:11+02:00\">avril 11, 2023<\/time>\r\n\t\t        <\/span>\r\n\t\t                <\/div>\r\n\t\t\t\t<span class=\"rb-bookmark bookmark-trigger\" data-pid=\"2282\"><\/span>            <\/div>\r\n\t\t        <\/div>\r\n\t        <div class=\"p-wrap p-grid p-grid-1\" data-pid=\"2240\">\r\n\t            <div class=\"feat-holder overlay-text\">\r\n\t\t\t\t        <div class=\"p-featured\">\r\n\t\t\t        <a class=\"p-flink\" href=\"https:\/\/wiweb.org\/fr\/cybersecurite\/cybersecurite-lors-des-achats-en-ligne\/\" title=\"Cybers\u00e9curit\u00e9 lors des achats en ligne\">\r\n\t\t\t<img loading=\"lazy\" decoding=\"async\" width=\"420\" height=\"280\" src=\"https:\/\/wiweb.org\/fr\/wp-content\/uploads\/2023\/04\/1479195719_cybersecurity-safe-shopping-on-line-shopping-car_xl-beta-v2-2-2-420x280.png\" class=\"featured-img wp-post-image\" alt=\"\" loading=\"lazy\" \/>        <\/a>\r\n\t\t        <\/div>\r\n\t<div class=\"p-categories p-top\"><a class=\"p-category category-id-60\" href=\"https:\/\/wiweb.org\/fr\/cat\/cybersecurite\/\" rel=\"category\">Cybers\u00e9curit\u00e9<\/a><\/div>            <\/div>\r\n\t\t<h3 class=\"entry-title\">        <a class=\"p-url\" href=\"https:\/\/wiweb.org\/fr\/cybersecurite\/cybersecurite-lors-des-achats-en-ligne\/\" rel=\"bookmark\">Cybers\u00e9curit\u00e9 lors des achats en ligne<\/a><\/h3>            <div class=\"p-meta has-bookmark\">\r\n                <div class=\"meta-inner is-meta\">\r\n\t\t\t\t\t<span class=\"meta-el meta-date\">\r\n\t\t            <time class=\"date published\" datetime=\"2023-04-11T07:52:28+02:00\">avril 11, 2023<\/time>\r\n\t\t        <\/span>\r\n\t\t                <\/div>\r\n\t\t\t\t<span class=\"rb-bookmark bookmark-trigger\" data-pid=\"2240\"><\/span>            <\/div>\r\n\t\t        <\/div>\r\n\t<\/div><\/div>\t\t\t\t<\/div>\n\t\t\t\t<\/div>\n\t\t\t\t\t<\/div>\n\t\t<\/div>\n\t\t\t\t\t<\/div>\n\t\t<\/section>\n\t\t\t\t<\/div>\n\t\t","protected":false},"excerpt":{"rendered":"<p>Cybers\u00e9curit\u00e9 La cybers\u00e9curit\u00e9 fait r\u00e9f\u00e9rence \u00e0 la protection des appareils num\u00e9riques, des r\u00e9seaux et des donn\u00e9es contre l&rsquo;acc\u00e8s non autoris\u00e9, le vol, les dommages et autres activit\u00e9s malveillantes. Les mesures de cybers\u00e9curit\u00e9 sont mises en \u0153uvre pour assurer la confidentialit\u00e9, l&rsquo;int\u00e9grit\u00e9 et la disponibilit\u00e9 des actifs num\u00e9riques. Avec la d\u00e9pendance croissante \u00e0 la technologie, la [&hellip;]<\/p>\n","protected":false},"author":1,"featured_media":0,"parent":0,"menu_order":0,"comment_status":"closed","ping_status":"closed","template":"","meta":{"footnotes":""},"class_list":["post-2223","page","type-page","status-publish"],"_links":{"self":[{"href":"https:\/\/wiweb.org\/fr\/wp-json\/wp\/v2\/pages\/2223","targetHints":{"allow":["GET"]}}],"collection":[{"href":"https:\/\/wiweb.org\/fr\/wp-json\/wp\/v2\/pages"}],"about":[{"href":"https:\/\/wiweb.org\/fr\/wp-json\/wp\/v2\/types\/page"}],"author":[{"embeddable":true,"href":"https:\/\/wiweb.org\/fr\/wp-json\/wp\/v2\/users\/1"}],"replies":[{"embeddable":true,"href":"https:\/\/wiweb.org\/fr\/wp-json\/wp\/v2\/comments?post=2223"}],"version-history":[{"count":24,"href":"https:\/\/wiweb.org\/fr\/wp-json\/wp\/v2\/pages\/2223\/revisions"}],"predecessor-version":[{"id":2624,"href":"https:\/\/wiweb.org\/fr\/wp-json\/wp\/v2\/pages\/2223\/revisions\/2624"}],"wp:attachment":[{"href":"https:\/\/wiweb.org\/fr\/wp-json\/wp\/v2\/media?parent=2223"}],"curies":[{"name":"wp","href":"https:\/\/api.w.org\/{rel}","templated":true}]}}