{"id":2223,"date":"2023-04-11T07:34:14","date_gmt":"2023-04-11T07:34:14","guid":{"rendered":"https:\/\/wiweb.org\/pl\/?page_id=2223"},"modified":"2023-05-11T14:31:53","modified_gmt":"2023-05-11T12:31:53","slug":"cyberbezpieczenstwo","status":"publish","type":"page","link":"https:\/\/wiweb.org\/pl\/cyberbezpieczenstwo\/","title":{"rendered":"Cyberbezpiecze\u0144stwo"},"content":{"rendered":"\t\t<div data-elementor-type=\"wp-page\" data-elementor-id=\"2223\" class=\"elementor elementor-2223\">\n\t\t\t\t\t\t<section class=\"elementor-section elementor-top-section elementor-element elementor-element-408869ed elementor-section-boxed elementor-section-height-default elementor-section-height-default\" data-id=\"408869ed\" data-element_type=\"section\">\n\t\t\t\t\t\t<div class=\"elementor-container elementor-column-gap-default\">\n\t\t\t\t\t<div class=\"elementor-column elementor-col-100 elementor-top-column elementor-element elementor-element-b6ee3ba\" data-id=\"b6ee3ba\" data-element_type=\"column\">\n\t\t\t<div class=\"elementor-widget-wrap elementor-element-populated\">\n\t\t\t\t\t\t<div class=\"elementor-element elementor-element-0a0d67d elementor-widget elementor-widget-heading\" data-id=\"0a0d67d\" data-element_type=\"widget\" data-widget_type=\"heading.default\">\n\t\t\t\t<div class=\"elementor-widget-container\">\n\t\t\t\t\t<h1 class=\"elementor-heading-title elementor-size-default\">Cyberbezpiecze\u0144stwo<\/h1>\t\t\t\t<\/div>\n\t\t\t\t<\/div>\n\t\t\t\t<div class=\"elementor-element elementor-element-4b80bdba elementor-widget elementor-widget-text-editor\" data-id=\"4b80bdba\" data-element_type=\"widget\" data-widget_type=\"text-editor.default\">\n\t\t\t\t<div class=\"elementor-widget-container\">\n\t\t\t\t\t\t\t\t\t<p><\/p>\n<p>Cyberbezpiecze\u0144stwo odnosi si\u0119 do ochrony cyfrowych urz\u0105dze\u0144, sieci i danych przed nieuprawnionym dost\u0119pem, kradzie\u017c\u0105, uszkodzeniem i innymi szkodliwymi dzia\u0142aniami. \u015arodki cyberbezpiecze\u0144stwa s\u0105 wdra\u017cane w celu zapewnienia poufno\u015bci, integralno\u015bci i dost\u0119pno\u015bci zasob\u00f3w cyfrowych. Wraz z rosn\u0105c\u0105 zale\u017cno\u015bci\u0105 od technologii, cyberbezpiecze\u0144stwo sta\u0142o si\u0119 krytyczn\u0105 kwesti\u0105 dla jednostek, organizacji i rz\u0105d\u00f3w na ca\u0142ym \u015bwiecie.<\/p>\n<p>\u00a0<\/p>\n<p>Cyberbezpiecze\u0144stwo obejmuje szereg strategii i praktyk, w tym zabezpieczenie sieci, zabezpieczenie punkt\u00f3w ko\u0144cowych, zabezpieczenie aplikacji, zabezpieczenie danych i zabezpieczenie chmury. Polega ono na identyfikacji i \u0142agodzeniu podatno\u015bci oraz zagro\u017ce\u0144 dla zasob\u00f3w cyfrowych za pomoc\u0105 r\u00f3\u017cnych \u015brodk\u00f3w, takich jak zapory ogniowe, oprogramowanie antywirusowe, systemy wykrywania i zapobiegania w\u0142amaniom, kontrole dost\u0119pu i szyfrowanie.<\/p>\n<p>\u00a0<\/p>\n<p>Cyberbezpiecze\u0144stwo obejmuje r\u00f3wnie\u017c programy edukacyjne i \u015bwiadomo\u015bciowe, kt\u00f3re szkol\u0105 u\u017cytkownik\u00f3w w bezpiecznych praktykach cyfrowych oraz zapobiegaj\u0105 atakom socjotechnicznym, takim jak phishing i pretexting. Specjali\u015bci ds. cyberbezpiecze\u0144stwa, tacy jak etyczni hakerzy, analitycy zabezpiecze\u0144 i reagenci na incydenty, odgrywaj\u0105 kluczow\u0105 rol\u0119 w wdra\u017caniu i utrzymaniu \u015brodk\u00f3w cyberbezpiecze\u0144stwa w celu ochrony przed zagro\u017ceniami cybernetycznymi.<\/p>\n<p><\/p>\t\t\t\t\t\t\t\t<\/div>\n\t\t\t\t<\/div>\n\t\t\t\t<div class=\"elementor-element elementor-element-88758a0 elementor-widget elementor-widget-heading\" data-id=\"88758a0\" data-element_type=\"widget\" data-widget_type=\"heading.default\">\n\t\t\t\t<div class=\"elementor-widget-container\">\n\t\t\t\t\t<h2 class=\"elementor-heading-title elementor-size-default\">Cyberbezpiecze\u0144stwo - najwa\u017cniejsze zasady bezpiecznego korzystania z Internetu:<\/h2>\t\t\t\t<\/div>\n\t\t\t\t<\/div>\n\t\t\t\t\t<\/div>\n\t\t<\/div>\n\t\t\t\t\t<\/div>\n\t\t<\/section>\n\t\t\t\t<section class=\"elementor-section elementor-top-section elementor-element elementor-element-a0d5b48 elementor-section-boxed elementor-section-height-default elementor-section-height-default\" data-id=\"a0d5b48\" data-element_type=\"section\">\n\t\t\t\t\t\t<div class=\"elementor-container elementor-column-gap-default\">\n\t\t\t\t\t<div class=\"elementor-column elementor-col-100 elementor-top-column elementor-element elementor-element-249b1f8\" data-id=\"249b1f8\" data-element_type=\"column\">\n\t\t\t<div class=\"elementor-widget-wrap elementor-element-populated\">\n\t\t\t\t\t\t<div class=\"elementor-element elementor-element-57b009f elementor-widget elementor-widget-foxiz-grid-1\" data-id=\"57b009f\" data-element_type=\"widget\" data-widget_type=\"foxiz-grid-1.default\">\n\t\t\t\t<div class=\"elementor-widget-container\">\n\t\t\t\t\t<div id=\"uid_57b009f\" class=\"block-wrap block-grid block-grid-1 rb-columns rb-col-3 is-gap-20 ecat-bg-4\"><div class=\"block-inner\">        <div class=\"p-wrap p-grid p-grid-1\" data-pid=\"2325\">\r\n\t            <div class=\"feat-holder overlay-text\">\r\n\t\t\t\t        <div class=\"p-featured\">\r\n\t\t\t        <a class=\"p-flink\" href=\"https:\/\/wiweb.org\/pl\/cyberbezpieczenstwo\/jak-zabezpieczyc-swoja-siec-wi-fi\/\" title=\"Jak zabezpieczy\u0107 swoj\u0105 sie\u0107 Wi-Fi?\">\r\n\t\t\t<img loading=\"lazy\" decoding=\"async\" width=\"420\" height=\"280\" src=\"https:\/\/wiweb.org\/pl\/wp-content\/uploads\/2023\/04\/wi-fi-1-420x280.jpg\" class=\"featured-img wp-post-image\" alt=\"\" loading=\"lazy\" \/>        <\/a>\r\n\t\t        <\/div>\r\n\t<div class=\"p-categories p-top\"><a class=\"p-category category-id-60\" href=\"https:\/\/wiweb.org\/pl\/cat\/cyberbezpieczenstwo\/\" rel=\"category\">Cyberbezpiecze\u0144stwo<\/a><\/div>            <\/div>\r\n\t\t<h3 class=\"entry-title\">        <a class=\"p-url\" href=\"https:\/\/wiweb.org\/pl\/cyberbezpieczenstwo\/jak-zabezpieczyc-swoja-siec-wi-fi\/\" rel=\"bookmark\">Jak zabezpieczy\u0107 swoj\u0105 sie\u0107 Wi-Fi?<\/a><\/h3>            <div class=\"p-meta has-bookmark\">\r\n                <div class=\"meta-inner is-meta\">\r\n\t\t\t\t\t<span class=\"meta-el meta-date\">\r\n\t\t            <time class=\"date published\" datetime=\"2023-04-15T20:57:33+02:00\">15 kwietnia, 2023<\/time>\r\n\t\t        <\/span>\r\n\t\t                <\/div>\r\n\t\t\t\t<span class=\"rb-bookmark bookmark-trigger\" data-pid=\"2325\"><\/span>            <\/div>\r\n\t\t        <\/div>\r\n\t        <div class=\"p-wrap p-grid p-grid-1\" data-pid=\"2292\">\r\n\t            <div class=\"feat-holder overlay-text\">\r\n\t\t\t\t        <div class=\"p-featured\">\r\n\t\t\t        <a class=\"p-flink\" href=\"https:\/\/wiweb.org\/pl\/cyberbezpieczenstwo\/tryb-incognito-w-przegladarkach-internetowych-twoj-przewodnik-po-bezpiecznym-przegladaniu\/\" title=\"Tryb incognito w przegl\u0105darkach internetowych: Tw\u00f3j przewodnik po bezpiecznym przegl\u0105daniu\">\r\n\t\t\t<img loading=\"lazy\" decoding=\"async\" width=\"420\" height=\"280\" src=\"https:\/\/wiweb.org\/pl\/wp-content\/uploads\/2023\/04\/1517724621_internet-browsers-icognito-mode-provacy-4k-extre_xl-beta-v2-2-2-420x280.png\" class=\"featured-img wp-post-image\" alt=\"\" loading=\"lazy\" \/>        <\/a>\r\n\t\t        <\/div>\r\n\t<div class=\"p-categories p-top\"><a class=\"p-category category-id-60\" href=\"https:\/\/wiweb.org\/pl\/cat\/cyberbezpieczenstwo\/\" rel=\"category\">Cyberbezpiecze\u0144stwo<\/a><\/div>            <\/div>\r\n\t\t<h3 class=\"entry-title\">        <a class=\"p-url\" href=\"https:\/\/wiweb.org\/pl\/cyberbezpieczenstwo\/tryb-incognito-w-przegladarkach-internetowych-twoj-przewodnik-po-bezpiecznym-przegladaniu\/\" rel=\"bookmark\">Tryb incognito w przegl\u0105darkach internetowych: Tw\u00f3j przewodnik po bezpiecznym przegl\u0105daniu<\/a><\/h3>            <div class=\"p-meta has-bookmark\">\r\n                <div class=\"meta-inner is-meta\">\r\n\t\t\t\t\t<span class=\"meta-el meta-date\">\r\n\t\t            <time class=\"date published\" datetime=\"2023-04-11T13:21:43+02:00\">11 kwietnia, 2023<\/time>\r\n\t\t        <\/span>\r\n\t\t                <\/div>\r\n\t\t\t\t<span class=\"rb-bookmark bookmark-trigger\" data-pid=\"2292\"><\/span>            <\/div>\r\n\t\t        <\/div>\r\n\t        <div class=\"p-wrap p-grid p-grid-1\" data-pid=\"2282\">\r\n\t            <div class=\"feat-holder overlay-text\">\r\n\t\t\t\t        <div class=\"p-featured\">\r\n\t\t\t        <a class=\"p-flink\" href=\"https:\/\/wiweb.org\/pl\/cyberbezpieczenstwo\/ogolne-zasady-cyberbezpieczenstwa-podczas-korzystania-z-internetu\/\" title=\"Og\u00f3lne zasady cyberbezpiecze\u0144stwa podczas korzystania z internetu\">\r\n\t\t\t<img loading=\"lazy\" decoding=\"async\" width=\"420\" height=\"280\" src=\"https:\/\/wiweb.org\/pl\/wp-content\/uploads\/2023\/04\/1966672784_cybersecurity-safe-shopping-4k-extreame-quality-_xl-beta-v2-2-2-420x280.png\" class=\"featured-img wp-post-image\" alt=\"\" loading=\"lazy\" \/>        <\/a>\r\n\t\t        <\/div>\r\n\t<div class=\"p-categories p-top\"><a class=\"p-category category-id-60\" href=\"https:\/\/wiweb.org\/pl\/cat\/cyberbezpieczenstwo\/\" rel=\"category\">Cyberbezpiecze\u0144stwo<\/a><\/div>            <\/div>\r\n\t\t<h3 class=\"entry-title\">        <a class=\"p-url\" href=\"https:\/\/wiweb.org\/pl\/cyberbezpieczenstwo\/ogolne-zasady-cyberbezpieczenstwa-podczas-korzystania-z-internetu\/\" rel=\"bookmark\">Og\u00f3lne zasady cyberbezpiecze\u0144stwa podczas korzystania z internetu<\/a><\/h3>            <div class=\"p-meta has-bookmark\">\r\n                <div class=\"meta-inner is-meta\">\r\n\t\t\t\t\t<span class=\"meta-el meta-date\">\r\n\t\t            <time class=\"date published\" datetime=\"2023-04-11T12:28:11+02:00\">11 kwietnia, 2023<\/time>\r\n\t\t        <\/span>\r\n\t\t                <\/div>\r\n\t\t\t\t<span class=\"rb-bookmark bookmark-trigger\" data-pid=\"2282\"><\/span>            <\/div>\r\n\t\t        <\/div>\r\n\t        <div class=\"p-wrap p-grid p-grid-1\" data-pid=\"2240\">\r\n\t            <div class=\"feat-holder overlay-text\">\r\n\t\t\t\t        <div class=\"p-featured\">\r\n\t\t\t        <a class=\"p-flink\" href=\"https:\/\/wiweb.org\/pl\/cyberbezpieczenstwo\/cyberbezpieczenstwo-podczas-zakupow-online\/\" title=\"Cyberbezpiecze\u0144stwo podczas zakup\u00f3w online\">\r\n\t\t\t<img loading=\"lazy\" decoding=\"async\" width=\"420\" height=\"280\" src=\"https:\/\/wiweb.org\/pl\/wp-content\/uploads\/2023\/04\/1479195719_cybersecurity-safe-shopping-on-line-shopping-car_xl-beta-v2-2-2-420x280.png\" class=\"featured-img wp-post-image\" alt=\"\" loading=\"lazy\" \/>        <\/a>\r\n\t\t        <\/div>\r\n\t<div class=\"p-categories p-top\"><a class=\"p-category category-id-60\" href=\"https:\/\/wiweb.org\/pl\/cat\/cyberbezpieczenstwo\/\" rel=\"category\">Cyberbezpiecze\u0144stwo<\/a><\/div>            <\/div>\r\n\t\t<h3 class=\"entry-title\">        <a class=\"p-url\" href=\"https:\/\/wiweb.org\/pl\/cyberbezpieczenstwo\/cyberbezpieczenstwo-podczas-zakupow-online\/\" rel=\"bookmark\">Cyberbezpiecze\u0144stwo podczas zakup\u00f3w online<\/a><\/h3>            <div class=\"p-meta has-bookmark\">\r\n                <div class=\"meta-inner is-meta\">\r\n\t\t\t\t\t<span class=\"meta-el meta-date\">\r\n\t\t            <time class=\"date published\" datetime=\"2023-04-11T07:52:28+02:00\">11 kwietnia, 2023<\/time>\r\n\t\t        <\/span>\r\n\t\t                <\/div>\r\n\t\t\t\t<span class=\"rb-bookmark bookmark-trigger\" data-pid=\"2240\"><\/span>            <\/div>\r\n\t\t        <\/div>\r\n\t<\/div><\/div>\t\t\t\t<\/div>\n\t\t\t\t<\/div>\n\t\t\t\t\t<\/div>\n\t\t<\/div>\n\t\t\t\t\t<\/div>\n\t\t<\/section>\n\t\t\t\t<\/div>\n\t\t","protected":false},"excerpt":{"rendered":"<p>Cyberbezpiecze\u0144stwo Cyberbezpiecze\u0144stwo odnosi si\u0119 do ochrony cyfrowych urz\u0105dze\u0144, sieci i danych przed nieuprawnionym dost\u0119pem, kradzie\u017c\u0105, uszkodzeniem i innymi szkodliwymi dzia\u0142aniami. \u015arodki cyberbezpiecze\u0144stwa s\u0105 wdra\u017cane w celu zapewnienia poufno\u015bci, integralno\u015bci i dost\u0119pno\u015bci zasob\u00f3w cyfrowych. Wraz z rosn\u0105c\u0105 zale\u017cno\u015bci\u0105 od technologii, cyberbezpiecze\u0144stwo sta\u0142o si\u0119 krytyczn\u0105 kwesti\u0105 dla jednostek, organizacji i rz\u0105d\u00f3w na ca\u0142ym \u015bwiecie. \u00a0 Cyberbezpiecze\u0144stwo obejmuje [&hellip;]<\/p>\n","protected":false},"author":1,"featured_media":0,"parent":0,"menu_order":0,"comment_status":"closed","ping_status":"closed","template":"","meta":{"footnotes":""},"class_list":["post-2223","page","type-page","status-publish"],"_links":{"self":[{"href":"https:\/\/wiweb.org\/pl\/wp-json\/wp\/v2\/pages\/2223","targetHints":{"allow":["GET"]}}],"collection":[{"href":"https:\/\/wiweb.org\/pl\/wp-json\/wp\/v2\/pages"}],"about":[{"href":"https:\/\/wiweb.org\/pl\/wp-json\/wp\/v2\/types\/page"}],"author":[{"embeddable":true,"href":"https:\/\/wiweb.org\/pl\/wp-json\/wp\/v2\/users\/1"}],"replies":[{"embeddable":true,"href":"https:\/\/wiweb.org\/pl\/wp-json\/wp\/v2\/comments?post=2223"}],"version-history":[{"count":29,"href":"https:\/\/wiweb.org\/pl\/wp-json\/wp\/v2\/pages\/2223\/revisions"}],"predecessor-version":[{"id":2611,"href":"https:\/\/wiweb.org\/pl\/wp-json\/wp\/v2\/pages\/2223\/revisions\/2611"}],"wp:attachment":[{"href":"https:\/\/wiweb.org\/pl\/wp-json\/wp\/v2\/media?parent=2223"}],"curies":[{"name":"wp","href":"https:\/\/api.w.org\/{rel}","templated":true}]}}