{"id":2223,"date":"2023-04-11T07:34:14","date_gmt":"2023-04-11T05:34:14","guid":{"rendered":"https:\/\/wiweb.org\/sk\/?page_id=2223"},"modified":"2023-05-11T10:44:30","modified_gmt":"2023-05-11T08:44:30","slug":"kyberneticka-bezpecnost","status":"publish","type":"page","link":"https:\/\/wiweb.org\/sk\/kyberneticka-bezpecnost\/","title":{"rendered":"Kybernetick\u00e1 bezpe\u010dnos\u0165"},"content":{"rendered":"\t\t<div data-elementor-type=\"wp-page\" data-elementor-id=\"2223\" class=\"elementor elementor-2223\">\n\t\t\t\t\t\t<section class=\"elementor-section elementor-top-section elementor-element elementor-element-408869ed elementor-section-boxed elementor-section-height-default elementor-section-height-default\" data-id=\"408869ed\" data-element_type=\"section\">\n\t\t\t\t\t\t<div class=\"elementor-container elementor-column-gap-default\">\n\t\t\t\t\t<div class=\"elementor-column elementor-col-100 elementor-top-column elementor-element elementor-element-b6ee3ba\" data-id=\"b6ee3ba\" data-element_type=\"column\">\n\t\t\t<div class=\"elementor-widget-wrap elementor-element-populated\">\n\t\t\t\t\t\t<div class=\"elementor-element elementor-element-0a0d67d elementor-widget elementor-widget-heading\" data-id=\"0a0d67d\" data-element_type=\"widget\" data-widget_type=\"heading.default\">\n\t\t\t\t<div class=\"elementor-widget-container\">\n\t\t\t\t\t<h1 class=\"elementor-heading-title elementor-size-default\">Cybersecurity<\/h1>\t\t\t\t<\/div>\n\t\t\t\t<\/div>\n\t\t\t\t<div class=\"elementor-element elementor-element-4b80bdba elementor-widget elementor-widget-text-editor\" data-id=\"4b80bdba\" data-element_type=\"widget\" data-widget_type=\"text-editor.default\">\n\t\t\t\t<div class=\"elementor-widget-container\">\n\t\t\t\t\t\t\t\t\t<p><\/p>\n<p>Cybersecurity refers to the protection of digital devices, networks, and data from unauthorized access, theft, damage, and other malicious activities. Cybersecurity measures are implemented to ensure the confidentiality, integrity, and availability of digital assets. With the increasing reliance on technology, cybersecurity has become a critical issue for individuals, organizations, and governments worldwide.<\/p>\n<p>\u00a0<\/p>\n<p><\/p>\n<p><\/p>\n<p>Cybersecurity encompasses a range of strategies and practices, including network security, endpoint security, application security, data security, and cloud security. It involves identifying and mitigating vulnerabilities and threats to digital assets through various measures, such as firewalls, antivirus software, intrusion detection and prevention systems, access controls, and encryption.<\/p>\n<p>\u00a0<\/p>\n<p><\/p>\n<p><\/p>\n<p>Cybersecurity also includes education and awareness programs to train users on safe digital practices and to prevent social engineering attacks, such as phishing and pretexting. Cybersecurity professionals, such as ethical hackers, security analysts, and incident responders, play a crucial role in implementing and maintaining cybersecurity measures to protect against cyber threats.<\/p>\n<p><\/p>\t\t\t\t\t\t\t\t<\/div>\n\t\t\t\t<\/div>\n\t\t\t\t<div class=\"elementor-element elementor-element-88758a0 elementor-widget elementor-widget-heading\" data-id=\"88758a0\" data-element_type=\"widget\" data-widget_type=\"heading.default\">\n\t\t\t\t<div class=\"elementor-widget-container\">\n\t\t\t\t\t<h2 class=\"elementor-heading-title elementor-size-default\">Cybersecurity - the most important rules of staying safe online:<\/h2>\t\t\t\t<\/div>\n\t\t\t\t<\/div>\n\t\t\t\t\t<\/div>\n\t\t<\/div>\n\t\t\t\t\t<\/div>\n\t\t<\/section>\n\t\t\t\t<section class=\"elementor-section elementor-top-section elementor-element elementor-element-a0d5b48 elementor-section-boxed elementor-section-height-default elementor-section-height-default\" data-id=\"a0d5b48\" data-element_type=\"section\">\n\t\t\t\t\t\t<div class=\"elementor-container elementor-column-gap-default\">\n\t\t\t\t\t<div class=\"elementor-column elementor-col-100 elementor-top-column elementor-element elementor-element-249b1f8\" data-id=\"249b1f8\" data-element_type=\"column\">\n\t\t\t<div class=\"elementor-widget-wrap elementor-element-populated\">\n\t\t\t\t\t\t<div class=\"elementor-element elementor-element-57b009f elementor-widget elementor-widget-foxiz-grid-1\" data-id=\"57b009f\" data-element_type=\"widget\" data-widget_type=\"foxiz-grid-1.default\">\n\t\t\t\t<div class=\"elementor-widget-container\">\n\t\t\t\t\t<div id=\"uid_57b009f\" class=\"block-wrap block-grid block-grid-1 rb-columns rb-col-3 is-gap-20 ecat-bg-4\"><\/div>\t\t\t\t<\/div>\n\t\t\t\t<\/div>\n\t\t\t\t\t<\/div>\n\t\t<\/div>\n\t\t\t\t\t<\/div>\n\t\t<\/section>\n\t\t\t\t<\/div>\n\t\t","protected":false},"excerpt":{"rendered":"<p>Cybersecurity Cybersecurity refers to the protection of digital devices, networks, and data from unauthorized access, theft, damage, and other malicious activities. Cybersecurity measures are implemented to ensure the confidentiality, integrity, and availability of digital assets. With the increasing reliance on technology, cybersecurity has become a critical issue for individuals, organizations, and governments worldwide. \u00a0 Cybersecurity [&hellip;]<\/p>\n","protected":false},"author":1,"featured_media":0,"parent":0,"menu_order":0,"comment_status":"closed","ping_status":"closed","template":"","meta":{"footnotes":""},"class_list":["post-2223","page","type-page","status-publish"],"_links":{"self":[{"href":"https:\/\/wiweb.org\/sk\/wp-json\/wp\/v2\/pages\/2223","targetHints":{"allow":["GET"]}}],"collection":[{"href":"https:\/\/wiweb.org\/sk\/wp-json\/wp\/v2\/pages"}],"about":[{"href":"https:\/\/wiweb.org\/sk\/wp-json\/wp\/v2\/types\/page"}],"author":[{"embeddable":true,"href":"https:\/\/wiweb.org\/sk\/wp-json\/wp\/v2\/users\/1"}],"replies":[{"embeddable":true,"href":"https:\/\/wiweb.org\/sk\/wp-json\/wp\/v2\/comments?post=2223"}],"version-history":[{"count":21,"href":"https:\/\/wiweb.org\/sk\/wp-json\/wp\/v2\/pages\/2223\/revisions"}],"predecessor-version":[{"id":2602,"href":"https:\/\/wiweb.org\/sk\/wp-json\/wp\/v2\/pages\/2223\/revisions\/2602"}],"wp:attachment":[{"href":"https:\/\/wiweb.org\/sk\/wp-json\/wp\/v2\/media?parent=2223"}],"curies":[{"name":"wp","href":"https:\/\/api.w.org\/{rel}","templated":true}]}}