{"id":2255,"date":"2023-04-11T08:07:26","date_gmt":"2023-04-11T06:07:26","guid":{"rendered":"https:\/\/wiweb.org\/sk\/?page_id=2255"},"modified":"2023-05-11T10:45:02","modified_gmt":"2023-05-11T08:45:02","slug":"podmienky-pouzivania-sluzby","status":"publish","type":"page","link":"https:\/\/wiweb.org\/sk\/podmienky-pouzivania-sluzby\/","title":{"rendered":"Podmienky pou\u017e\u00edvania slu\u017eby"},"content":{"rendered":"","protected":false},"excerpt":{"rendered":"","protected":false},"author":1,"featured_media":0,"parent":0,"menu_order":0,"comment_status":"closed","ping_status":"closed","template":"","meta":{"footnotes":""},"class_list":["post-2255","page","type-page","status-publish"],"_links":{"self":[{"href":"https:\/\/wiweb.org\/sk\/wp-json\/wp\/v2\/pages\/2255","targetHints":{"allow":["GET"]}}],"collection":[{"href":"https:\/\/wiweb.org\/sk\/wp-json\/wp\/v2\/pages"}],"about":[{"href":"https:\/\/wiweb.org\/sk\/wp-json\/wp\/v2\/types\/page"}],"author":[{"embeddable":true,"href":"https:\/\/wiweb.org\/sk\/wp-json\/wp\/v2\/users\/1"}],"replies":[{"embeddable":true,"href":"https:\/\/wiweb.org\/sk\/wp-json\/wp\/v2\/comments?post=2255"}],"version-history":[{"count":3,"href":"https:\/\/wiweb.org\/sk\/wp-json\/wp\/v2\/pages\/2255\/revisions"}],"predecessor-version":[{"id":2604,"href":"https:\/\/wiweb.org\/sk\/wp-json\/wp\/v2\/pages\/2255\/revisions\/2604"}],"wp:attachment":[{"href":"https:\/\/wiweb.org\/sk\/wp-json\/wp\/v2\/media?parent=2255"}],"curies":[{"name":"wp","href":"https:\/\/api.w.org\/{rel}","templated":true}]}}