{"id":2257,"date":"2023-04-11T08:07:59","date_gmt":"2023-04-11T06:07:59","guid":{"rendered":"https:\/\/wiweb.org\/sk\/?page_id=2257"},"modified":"2023-05-11T10:44:49","modified_gmt":"2023-05-11T08:44:49","slug":"zasady-ochrany-osobnych-udajov","status":"publish","type":"page","link":"https:\/\/wiweb.org\/sk\/zasady-ochrany-osobnych-udajov\/","title":{"rendered":"Z\u00e1sady ochrany osobn\u00fdch \u00fadajov"},"content":{"rendered":"","protected":false},"excerpt":{"rendered":"","protected":false},"author":1,"featured_media":0,"parent":0,"menu_order":0,"comment_status":"closed","ping_status":"closed","template":"","meta":{"footnotes":""},"class_list":["post-2257","page","type-page","status-publish"],"_links":{"self":[{"href":"https:\/\/wiweb.org\/sk\/wp-json\/wp\/v2\/pages\/2257","targetHints":{"allow":["GET"]}}],"collection":[{"href":"https:\/\/wiweb.org\/sk\/wp-json\/wp\/v2\/pages"}],"about":[{"href":"https:\/\/wiweb.org\/sk\/wp-json\/wp\/v2\/types\/page"}],"author":[{"embeddable":true,"href":"https:\/\/wiweb.org\/sk\/wp-json\/wp\/v2\/users\/1"}],"replies":[{"embeddable":true,"href":"https:\/\/wiweb.org\/sk\/wp-json\/wp\/v2\/comments?post=2257"}],"version-history":[{"count":3,"href":"https:\/\/wiweb.org\/sk\/wp-json\/wp\/v2\/pages\/2257\/revisions"}],"predecessor-version":[{"id":2603,"href":"https:\/\/wiweb.org\/sk\/wp-json\/wp\/v2\/pages\/2257\/revisions\/2603"}],"wp:attachment":[{"href":"https:\/\/wiweb.org\/sk\/wp-json\/wp\/v2\/media?parent=2257"}],"curies":[{"name":"wp","href":"https:\/\/api.w.org\/{rel}","templated":true}]}}